{"id":2089,"date":"2025-05-13T15:16:55","date_gmt":"2025-05-13T13:16:55","guid":{"rendered":"https:\/\/www.livingpoint.it\/?post_type=product&#038;p=2089"},"modified":"2025-05-13T15:39:57","modified_gmt":"2025-05-13T13:39:57","slug":"giardini","status":"publish","type":"product","link":"https:\/\/www.livingpoint.it\/en\/prodotto\/giardini\/","title":{"rendered":"Giardini"},"content":{"rendered":"<p>Scopri la perfetta fusione tra stile r\u00e9tro e modernit\u00e0 con la nostra borsa &#8220;Giardini&#8221;. Realizzata in un esclusivo tessuto multicolore, con tonalit\u00e0 calde di arancione, crema e accenti vivaci, questa borsa \u00e8 un inno all\u2019eleganza senza tempo. La catena in metallo dona un tocco di raffinatezza, mentre la chiusura a girello garantisce sicurezza e classe.<br \/>\nPensata per chi ama distinguersi con gusto, \u00e8 l\u2019accessorio ideale per trasformare anche il pi\u00f9 semplice outfit in una dichiarazione di stile. Perfetta per un aperitivo in citt\u00e0 o una serata speciale, questa borsa \u00e8 sinonimo di carattere, raffinatezza e originalit\u00e0.<\/p>\n<p>Caratteristiche principali:<\/p>\n<p>    Tessuto elegante vintage<\/p>\n<p>    Catena in metallo<\/p>\n<p>    Chiusura a girello elegante<\/p>\n<p>    Interno spazioso e funzionale<\/p>\n<p>\u2728 \u00c8 pi\u00f9 di una borsa. \u00c8 un modo di vivere.<\/p>\n","protected":false},"excerpt":{"rendered":"<p>Scopri la perfetta fusione tra stile r\u00e9tro e modernit\u00e0 con la nostra borsa &#8220;Giardini&#8221;. Realizzata in un esclusivo tessuto multicolore, con tonalit\u00e0 calde di arancione, crema e accenti vivaci, questa borsa \u00e8 un inno all\u2019eleganza senza tempo. La catena in metallo dona un tocco di raffinatezza, mentre la chiusura a girello garantisce sicurezza e classe.<br \/>\nPensata per chi ama distinguersi con gusto, \u00e8 l\u2019accessorio ideale per trasformare anche il pi\u00f9 semplice outfit in una dichiarazione di stile. Perfetta per un aperitivo in citt\u00e0 o una serata speciale, questa borsa \u00e8 sinonimo di carattere, raffinatezza e originalit\u00e0.<\/p>\n<p>Caratteristiche principali:<\/p>\n<p>    Tessuto elegante vintage<\/p>\n<p>    Catena in metallo<\/p>\n<p>    Chiusura a girello elegante<\/p>\n<p>    Interno spazioso e funzionale<\/p>\n<p>\u2728 \u00c8 pi\u00f9 di una borsa. \u00c8 un modo di vivere.<\/p>\n","protected":false},"featured_media":2090,"comment_status":"open","ping_status":"closed","template":"","meta":[],"product_brand":[],"product_cat":[102],"product_tag":[91,90,93],"class_list":{"0":"post-2089","1":"product","2":"type-product","3":"status-publish","4":"has-post-thumbnail","6":"product_cat-bags","7":"product_tag-interior","8":"product_tag-interiordesign","9":"product_tag-madeinitaly","11":"first","12":"instock","13":"sold-individually","14":"shipping-taxable","15":"purchasable","16":"product-type-simple"},"_links":{"self":[{"href":"https:\/\/www.livingpoint.it\/en\/wp-json\/wp\/v2\/product\/2089","targetHints":{"allow":["GET"]}}],"collection":[{"href":"https:\/\/www.livingpoint.it\/en\/wp-json\/wp\/v2\/product"}],"about":[{"href":"https:\/\/www.livingpoint.it\/en\/wp-json\/wp\/v2\/types\/product"}],"replies":[{"embeddable":true,"href":"https:\/\/www.livingpoint.it\/en\/wp-json\/wp\/v2\/comments?post=2089"}],"wp:featuredmedia":[{"embeddable":true,"href":"https:\/\/www.livingpoint.it\/en\/wp-json\/wp\/v2\/media\/2090"}],"wp:attachment":[{"href":"https:\/\/www.livingpoint.it\/en\/wp-json\/wp\/v2\/media?parent=2089"}],"wp:term":[{"taxonomy":"product_brand","embeddable":true,"href":"https:\/\/www.livingpoint.it\/en\/wp-json\/wp\/v2\/product_brand?post=2089"},{"taxonomy":"product_cat","embeddable":true,"href":"https:\/\/www.livingpoint.it\/en\/wp-json\/wp\/v2\/product_cat?post=2089"},{"taxonomy":"product_tag","embeddable":true,"href":"https:\/\/www.livingpoint.it\/en\/wp-json\/wp\/v2\/product_tag?post=2089"}],"curies":[{"name":"wp","href":"https:\/\/api.w.org\/{rel}","templated":true}]}}