{"id":1636,"date":"2022-10-08T10:33:21","date_gmt":"2022-10-08T08:33:21","guid":{"rendered":"https:\/\/www.livingpoint.it\/?post_type=product&#038;p=1636"},"modified":"2022-10-08T10:36:30","modified_gmt":"2022-10-08T08:36:30","slug":"borsa-artigianale-kelu","status":"publish","type":"product","link":"https:\/\/www.livingpoint.it\/en\/prodotto\/borsa-artigianale-kelu\/","title":{"rendered":"Borsa artigianale KELU"},"content":{"rendered":"<p>Borsa artigianale in velluto stampato e pelle 100% Made in Italy, dalla fantasia davvero particolare e minimale, perfetta per la primavera e l&#8217;estate. Il tessuto utilizzato \u00e8 100% italiano cos\u00ec come la pelle utilizzata per l&#8217;interno dei manici. Tutti gli accessori in metallo sono di prima qualit\u00e0. Fodera interna in cotone perfettamente abbinata al fiore rosso sulla superficie della borsa.<\/p>\n","protected":false},"excerpt":{"rendered":"<p>Borsa artigianale in velluto stampato e pelle 100% Made in Italy, dalla fantasia davvero particolare e minimale, perfetta per la primavera e l&#8217;estate. Il tessuto utilizzato \u00e8 100% italiano cos\u00ec come la pelle utilizzata per l&#8217;interno dei manici. Tutti gli accessori in metallo sono di prima qualit\u00e0. Fodera interna in cotone perfettamente abbinata al fiore rosso sulla superficie della borsa.<\/p>\n","protected":false},"featured_media":1558,"comment_status":"open","ping_status":"closed","template":"","meta":[],"product_brand":[],"product_cat":[104],"product_tag":[110,109,106],"class_list":{"0":"post-1636","1":"product","2":"type-product","3":"status-publish","4":"has-post-thumbnail","6":"product_cat-living-bags","7":"product_tag-interior-en","8":"product_tag-interiordesign-en","9":"product_tag-madeinitaly-en","11":"first","12":"instock","13":"sold-individually","14":"shipping-taxable","15":"product-type-simple"},"_links":{"self":[{"href":"https:\/\/www.livingpoint.it\/en\/wp-json\/wp\/v2\/product\/1636","targetHints":{"allow":["GET"]}}],"collection":[{"href":"https:\/\/www.livingpoint.it\/en\/wp-json\/wp\/v2\/product"}],"about":[{"href":"https:\/\/www.livingpoint.it\/en\/wp-json\/wp\/v2\/types\/product"}],"replies":[{"embeddable":true,"href":"https:\/\/www.livingpoint.it\/en\/wp-json\/wp\/v2\/comments?post=1636"}],"wp:featuredmedia":[{"embeddable":true,"href":"https:\/\/www.livingpoint.it\/en\/wp-json\/wp\/v2\/media\/1558"}],"wp:attachment":[{"href":"https:\/\/www.livingpoint.it\/en\/wp-json\/wp\/v2\/media?parent=1636"}],"wp:term":[{"taxonomy":"product_brand","embeddable":true,"href":"https:\/\/www.livingpoint.it\/en\/wp-json\/wp\/v2\/product_brand?post=1636"},{"taxonomy":"product_cat","embeddable":true,"href":"https:\/\/www.livingpoint.it\/en\/wp-json\/wp\/v2\/product_cat?post=1636"},{"taxonomy":"product_tag","embeddable":true,"href":"https:\/\/www.livingpoint.it\/en\/wp-json\/wp\/v2\/product_tag?post=1636"}],"curies":[{"name":"wp","href":"https:\/\/api.w.org\/{rel}","templated":true}]}}